{"id":7894,"date":"2024-09-23T20:27:34","date_gmt":"2024-09-23T20:27:34","guid":{"rendered":"https:\/\/www.rayuelakids.com\/es\/producto\/ranita-simon-verde\/"},"modified":"2025-12-01T20:37:38","modified_gmt":"2025-12-01T20:37:38","slug":"ranita-simon-verde","status":"publish","type":"product","link":"https:\/\/www.rayuelakids.com\/es\/producto\/ranita-simon-verde\/","title":{"rendered":"Ranita Simon green"},"content":{"rendered":"<p>Para la futura mam\u00e1&#8230;<\/p>\n<p>Descubre nuestras cajas de regalo de lujo para un reci\u00e9n llegado. Mima a una nueva mam\u00e1 con una caja de regalo premium que puede atesorar. Encuentre los elementos esenciales que cualquier nuevo beb\u00e9 necesitar\u00e1 para darle la bienvenida al mundo.<\/p>\n<p>Hermosa caja de regalo para bebe<br \/>\nSize:0-3m para bebes 6 a 10 libras<\/p>\n<p>Incluye:<\/p>\n<p>1 conjunto corto de 3 piezas con su gorro de algod\u00f3n 100% hipoalerg\u00e9nico (abrigo, romper y gorro)<\/p>\n<p>1 par de zapatos tejidos<\/p>\n<p>1 manta tejida de dralon segun disponibilidad<\/p>\n<p>hecho en Portugal<\/p>\n","protected":false},"excerpt":{"rendered":"<p>Para la futura mam\u00e1&#8230; Descubre nuestras cajas de regalo de lujo para un reci\u00e9n llegado. Mima a una nueva mam\u00e1 con una caja de regalo premium que puede atesorar. Encuentre los elementos esenciales que cualquier nuevo beb\u00e9 necesitar\u00e1 para darle la bienvenida al mundo. Hermosa caja de regalo para bebe Size:0-3m para bebes 6 a 10 libras Incluye: 1 conjunto corto de 3 piezas con su gorro de algod\u00f3n 100% hipoalerg\u00e9nico (abrigo, romper y gorro) 1 par de zapatos tejidos 1 manta tejida de dralon segun disponibilidad hecho en Portugal<\/p>\n","protected":false},"featured_media":7893,"comment_status":"open","ping_status":"closed","template":"","meta":{"inline_featured_image":false,"_joinchat":[]},"product_brand":[],"product_cat":[19,117,86],"product_tag":[],"class_list":{"0":"post-7894","1":"product","2":"type-product","3":"status-publish","4":"has-post-thumbnail","6":"product_cat-primera-puesta-ninos","7":"product_cat-set-cortos","8":"product_cat-set-con-manta","10":"first","11":"instock","12":"shipping-taxable","13":"purchasable","14":"product-type-simple"},"yoast_head":"<!-- This site is optimized with the Yoast SEO plugin v27.0 - https:\/\/yoast.com\/product\/yoast-seo-wordpress\/ -->\n<title>Ranita Simon green<\/title>\n<meta name=\"robots\" content=\"index, follow, max-snippet:-1, max-image-preview:large, max-video-preview:-1\" \/>\n<link rel=\"canonical\" href=\"https:\/\/www.rayuelakids.com\/es\/producto\/ranita-simon-verde\/\" \/>\n<meta property=\"og:locale\" content=\"es_ES\" \/>\n<meta property=\"og:type\" content=\"article\" \/>\n<meta property=\"og:title\" content=\"Ranita Simon green\" \/>\n<meta property=\"og:description\" content=\"Para la futura mam\u00e1&#8230; Descubre nuestras cajas de regalo de lujo para un reci\u00e9n llegado. Mima a una nueva mam\u00e1 con una caja de regalo premium que puede atesorar. Encuentre los elementos esenciales que cualquier nuevo beb\u00e9 necesitar\u00e1 para darle la bienvenida al mundo. Hermosa caja de regalo para bebe Size:0-3m para bebes 6 a 10 libras Incluye: 1 conjunto corto de 3 piezas con su gorro de algod\u00f3n 100% hipoalerg\u00e9nico (abrigo, romper y gorro) 1 par de zapatos tejidos 1 manta tejida de dralon segun disponibilidad hecho en Portugal\" \/>\n<meta property=\"og:url\" content=\"https:\/\/www.rayuelakids.com\/es\/producto\/ranita-simon-verde\/\" \/>\n<meta property=\"article:publisher\" content=\"https:\/\/web.facebook.com\/rayuela\" \/>\n<meta property=\"article:modified_time\" content=\"2025-12-01T20:37:38+00:00\" \/>\n<meta property=\"og:image\" content=\"https:\/\/www.rayuelakids.com\/es\/wp-content\/uploads\/2024\/09\/1000566548-scaled.jpg\" \/>\n\t<meta property=\"og:image:width\" content=\"1920\" \/>\n\t<meta property=\"og:image:height\" content=\"2560\" \/>\n\t<meta property=\"og:image:type\" content=\"image\/jpeg\" \/>\n<meta name=\"twitter:card\" content=\"summary_large_image\" \/>\n<script type=\"application\/ld+json\" class=\"yoast-schema-graph\">{\"@context\":\"https:\/\/schema.org\",\"@graph\":[{\"@type\":\"WebPage\",\"@id\":\"https:\/\/www.rayuelakids.com\/es\/producto\/ranita-simon-verde\/\",\"url\":\"https:\/\/www.rayuelakids.com\/es\/producto\/ranita-simon-verde\/\",\"name\":\"Ranita Simon green\",\"isPartOf\":{\"@id\":\"https:\/\/www.rayuelakids.com\/es\/#website\"},\"primaryImageOfPage\":{\"@id\":\"https:\/\/www.rayuelakids.com\/es\/producto\/ranita-simon-verde\/#primaryimage\"},\"image\":{\"@id\":\"https:\/\/www.rayuelakids.com\/es\/producto\/ranita-simon-verde\/#primaryimage\"},\"thumbnailUrl\":\"https:\/\/i0.wp.com\/www.rayuelakids.com\/es\/wp-content\/uploads\/2024\/09\/1000566548-scaled.jpg?fit=1920%2C2560&ssl=1\",\"datePublished\":\"2024-09-23T20:27:34+00:00\",\"dateModified\":\"2025-12-01T20:37:38+00:00\",\"breadcrumb\":{\"@id\":\"https:\/\/www.rayuelakids.com\/es\/producto\/ranita-simon-verde\/#breadcrumb\"},\"inLanguage\":\"es\",\"potentialAction\":[{\"@type\":\"ReadAction\",\"target\":[\"https:\/\/www.rayuelakids.com\/es\/producto\/ranita-simon-verde\/\"]}]},{\"@type\":\"ImageObject\",\"inLanguage\":\"es\",\"@id\":\"https:\/\/www.rayuelakids.com\/es\/producto\/ranita-simon-verde\/#primaryimage\",\"url\":\"https:\/\/i0.wp.com\/www.rayuelakids.com\/es\/wp-content\/uploads\/2024\/09\/1000566548-scaled.jpg?fit=1920%2C2560&ssl=1\",\"contentUrl\":\"https:\/\/i0.wp.com\/www.rayuelakids.com\/es\/wp-content\/uploads\/2024\/09\/1000566548-scaled.jpg?fit=1920%2C2560&ssl=1\",\"width\":1920,\"height\":2560},{\"@type\":\"BreadcrumbList\",\"@id\":\"https:\/\/www.rayuelakids.com\/es\/producto\/ranita-simon-verde\/#breadcrumb\",\"itemListElement\":[{\"@type\":\"ListItem\",\"position\":1,\"name\":\"Portada\",\"item\":\"https:\/\/www.rayuelakids.com\/es\/\"},{\"@type\":\"ListItem\",\"position\":2,\"name\":\"Tienda\",\"item\":\"https:\/\/www.rayuelakids.com\/es\/tienda\/\"},{\"@type\":\"ListItem\",\"position\":3,\"name\":\"Ranita Simon green\"}]},{\"@type\":\"WebSite\",\"@id\":\"https:\/\/www.rayuelakids.com\/es\/#website\",\"url\":\"https:\/\/www.rayuelakids.com\/es\/\",\"name\":\"Rayuela Kids\",\"description\":\"Moda Infantil\",\"publisher\":{\"@id\":\"https:\/\/www.rayuelakids.com\/es\/#organization\"},\"alternateName\":\"RayuelaKids\",\"potentialAction\":[{\"@type\":\"SearchAction\",\"target\":{\"@type\":\"EntryPoint\",\"urlTemplate\":\"https:\/\/www.rayuelakids.com\/es\/?s={search_term_string}\"},\"query-input\":{\"@type\":\"PropertyValueSpecification\",\"valueRequired\":true,\"valueName\":\"search_term_string\"}}],\"inLanguage\":\"es\"},{\"@type\":\"Organization\",\"@id\":\"https:\/\/www.rayuelakids.com\/es\/#organization\",\"name\":\"Rayuela Kids\",\"url\":\"https:\/\/www.rayuelakids.com\/es\/\",\"logo\":{\"@type\":\"ImageObject\",\"inLanguage\":\"es\",\"@id\":\"https:\/\/www.rayuelakids.com\/es\/#\/schema\/logo\/image\/\",\"url\":\"https:\/\/www.rayuelakids.com\/es\/wp-content\/uploads\/2022\/03\/cropped-Rayulea-logo-version-horizontal-scaled-1-e1647744456320.jpg\",\"contentUrl\":\"https:\/\/www.rayuelakids.com\/es\/wp-content\/uploads\/2022\/03\/cropped-Rayulea-logo-version-horizontal-scaled-1-e1647744456320.jpg\",\"width\":800,\"height\":300,\"caption\":\"Rayuela Kids\"},\"image\":{\"@id\":\"https:\/\/www.rayuelakids.com\/es\/#\/schema\/logo\/image\/\"},\"sameAs\":[\"https:\/\/web.facebook.com\/rayuela\",\"https:\/\/www.instagram.com\/rayuelakids\/?hl=en\"]}]}<\/script>\n<!-- \/ Yoast SEO plugin. -->","yoast_head_json":{"title":"Ranita Simon green","robots":{"index":"index","follow":"follow","max-snippet":"max-snippet:-1","max-image-preview":"max-image-preview:large","max-video-preview":"max-video-preview:-1"},"canonical":"https:\/\/www.rayuelakids.com\/es\/producto\/ranita-simon-verde\/","og_locale":"es_ES","og_type":"article","og_title":"Ranita Simon green","og_description":"Para la futura mam\u00e1&#8230; Descubre nuestras cajas de regalo de lujo para un reci\u00e9n llegado. Mima a una nueva mam\u00e1 con una caja de regalo premium que puede atesorar. Encuentre los elementos esenciales que cualquier nuevo beb\u00e9 necesitar\u00e1 para darle la bienvenida al mundo. Hermosa caja de regalo para bebe Size:0-3m para bebes 6 a 10 libras Incluye: 1 conjunto corto de 3 piezas con su gorro de algod\u00f3n 100% hipoalerg\u00e9nico (abrigo, romper y gorro) 1 par de zapatos tejidos 1 manta tejida de dralon segun disponibilidad hecho en Portugal","og_url":"https:\/\/www.rayuelakids.com\/es\/producto\/ranita-simon-verde\/","article_publisher":"https:\/\/web.facebook.com\/rayuela","article_modified_time":"2025-12-01T20:37:38+00:00","og_image":[{"width":1920,"height":2560,"url":"https:\/\/www.rayuelakids.com\/es\/wp-content\/uploads\/2024\/09\/1000566548-scaled.jpg","type":"image\/jpeg"}],"twitter_card":"summary_large_image","schema":{"@context":"https:\/\/schema.org","@graph":[{"@type":"WebPage","@id":"https:\/\/www.rayuelakids.com\/es\/producto\/ranita-simon-verde\/","url":"https:\/\/www.rayuelakids.com\/es\/producto\/ranita-simon-verde\/","name":"Ranita Simon green","isPartOf":{"@id":"https:\/\/www.rayuelakids.com\/es\/#website"},"primaryImageOfPage":{"@id":"https:\/\/www.rayuelakids.com\/es\/producto\/ranita-simon-verde\/#primaryimage"},"image":{"@id":"https:\/\/www.rayuelakids.com\/es\/producto\/ranita-simon-verde\/#primaryimage"},"thumbnailUrl":"https:\/\/i0.wp.com\/www.rayuelakids.com\/es\/wp-content\/uploads\/2024\/09\/1000566548-scaled.jpg?fit=1920%2C2560&ssl=1","datePublished":"2024-09-23T20:27:34+00:00","dateModified":"2025-12-01T20:37:38+00:00","breadcrumb":{"@id":"https:\/\/www.rayuelakids.com\/es\/producto\/ranita-simon-verde\/#breadcrumb"},"inLanguage":"es","potentialAction":[{"@type":"ReadAction","target":["https:\/\/www.rayuelakids.com\/es\/producto\/ranita-simon-verde\/"]}]},{"@type":"ImageObject","inLanguage":"es","@id":"https:\/\/www.rayuelakids.com\/es\/producto\/ranita-simon-verde\/#primaryimage","url":"https:\/\/i0.wp.com\/www.rayuelakids.com\/es\/wp-content\/uploads\/2024\/09\/1000566548-scaled.jpg?fit=1920%2C2560&ssl=1","contentUrl":"https:\/\/i0.wp.com\/www.rayuelakids.com\/es\/wp-content\/uploads\/2024\/09\/1000566548-scaled.jpg?fit=1920%2C2560&ssl=1","width":1920,"height":2560},{"@type":"BreadcrumbList","@id":"https:\/\/www.rayuelakids.com\/es\/producto\/ranita-simon-verde\/#breadcrumb","itemListElement":[{"@type":"ListItem","position":1,"name":"Portada","item":"https:\/\/www.rayuelakids.com\/es\/"},{"@type":"ListItem","position":2,"name":"Tienda","item":"https:\/\/www.rayuelakids.com\/es\/tienda\/"},{"@type":"ListItem","position":3,"name":"Ranita Simon green"}]},{"@type":"WebSite","@id":"https:\/\/www.rayuelakids.com\/es\/#website","url":"https:\/\/www.rayuelakids.com\/es\/","name":"Rayuela Kids","description":"Moda Infantil","publisher":{"@id":"https:\/\/www.rayuelakids.com\/es\/#organization"},"alternateName":"RayuelaKids","potentialAction":[{"@type":"SearchAction","target":{"@type":"EntryPoint","urlTemplate":"https:\/\/www.rayuelakids.com\/es\/?s={search_term_string}"},"query-input":{"@type":"PropertyValueSpecification","valueRequired":true,"valueName":"search_term_string"}}],"inLanguage":"es"},{"@type":"Organization","@id":"https:\/\/www.rayuelakids.com\/es\/#organization","name":"Rayuela Kids","url":"https:\/\/www.rayuelakids.com\/es\/","logo":{"@type":"ImageObject","inLanguage":"es","@id":"https:\/\/www.rayuelakids.com\/es\/#\/schema\/logo\/image\/","url":"https:\/\/www.rayuelakids.com\/es\/wp-content\/uploads\/2022\/03\/cropped-Rayulea-logo-version-horizontal-scaled-1-e1647744456320.jpg","contentUrl":"https:\/\/www.rayuelakids.com\/es\/wp-content\/uploads\/2022\/03\/cropped-Rayulea-logo-version-horizontal-scaled-1-e1647744456320.jpg","width":800,"height":300,"caption":"Rayuela Kids"},"image":{"@id":"https:\/\/www.rayuelakids.com\/es\/#\/schema\/logo\/image\/"},"sameAs":["https:\/\/web.facebook.com\/rayuela","https:\/\/www.instagram.com\/rayuelakids\/?hl=en"]}]}},"jetpack_sharing_enabled":true,"_links":{"self":[{"href":"https:\/\/www.rayuelakids.com\/es\/wp-json\/wp\/v2\/product\/7894","targetHints":{"allow":["GET"]}}],"collection":[{"href":"https:\/\/www.rayuelakids.com\/es\/wp-json\/wp\/v2\/product"}],"about":[{"href":"https:\/\/www.rayuelakids.com\/es\/wp-json\/wp\/v2\/types\/product"}],"replies":[{"embeddable":true,"href":"https:\/\/www.rayuelakids.com\/es\/wp-json\/wp\/v2\/comments?post=7894"}],"version-history":[{"count":1,"href":"https:\/\/www.rayuelakids.com\/es\/wp-json\/wp\/v2\/product\/7894\/revisions"}],"predecessor-version":[{"id":7895,"href":"https:\/\/www.rayuelakids.com\/es\/wp-json\/wp\/v2\/product\/7894\/revisions\/7895"}],"wp:featuredmedia":[{"embeddable":true,"href":"https:\/\/www.rayuelakids.com\/es\/wp-json\/wp\/v2\/media\/7893"}],"wp:attachment":[{"href":"https:\/\/www.rayuelakids.com\/es\/wp-json\/wp\/v2\/media?parent=7894"}],"wp:term":[{"taxonomy":"product_brand","embeddable":true,"href":"https:\/\/www.rayuelakids.com\/es\/wp-json\/wp\/v2\/product_brand?post=7894"},{"taxonomy":"product_cat","embeddable":true,"href":"https:\/\/www.rayuelakids.com\/es\/wp-json\/wp\/v2\/product_cat?post=7894"},{"taxonomy":"product_tag","embeddable":true,"href":"https:\/\/www.rayuelakids.com\/es\/wp-json\/wp\/v2\/product_tag?post=7894"}],"curies":[{"name":"wp","href":"https:\/\/api.w.org\/{rel}","templated":true}]}}