{"id":7600,"date":"2024-09-13T19:16:09","date_gmt":"2024-09-13T19:16:09","guid":{"rendered":"https:\/\/www.rayuelakids.com\/es\/?post_type=product&#038;p=7600"},"modified":"2024-09-18T01:22:01","modified_gmt":"2024-09-18T01:22:01","slug":"culote-gray-2","status":"publish","type":"product","link":"https:\/\/www.rayuelakids.com\/es\/producto\/culote-gray-2\/","title":{"rendered":"Culote. Navy"},"content":{"rendered":"<p>Para la futura mam\u00e1&#8230;<\/p>\n<p>Descubre nuestras cajas de regalo de lujo para una reci\u00e9n llegada. Mima a una nueva mam\u00e1 con una caja de regalo premium que puede atesorar. Encuentre los elementos esenciales que cualquier nuevo beb\u00e9 necesitar\u00e1 para darle la bienvenida al mundo.<\/p>\n<p>3m para bebes  7 a 11 libras<\/p>\n<p>incluye<\/p>\n<p>manta tejida con el nombre bordado<\/p>\n<p>Set corto con su gorro jersey, camisa, cubre pa\u00f1al y gorro)<\/p>\n<p>1 par de zapatos tejidos<\/p>\n<p>Hecho en Portugal<\/p>\n<p>Lavar a mano<\/p>\n","protected":false},"excerpt":{"rendered":"<p>Para la futura mam\u00e1&#8230; Descubre nuestras cajas de regalo de lujo para una reci\u00e9n llegada. Mima a una nueva mam\u00e1 con una caja de regalo premium que puede atesorar. Encuentre los elementos esenciales que cualquier nuevo beb\u00e9 necesitar\u00e1 para darle la bienvenida al mundo. 3m para bebes 7 a 11 libras incluye manta tejida con el nombre bordado Set corto con su gorro jersey, camisa, cubre pa\u00f1al y gorro) 1 par de zapatos tejidos Hecho en Portugal Lavar a mano<\/p>\n","protected":false},"featured_media":7601,"comment_status":"open","ping_status":"closed","template":"","meta":{"inline_featured_image":false,"_joinchat":[]},"product_brand":[],"product_cat":[19,117],"product_tag":[],"class_list":{"0":"post-7600","1":"product","2":"type-product","3":"status-publish","4":"has-post-thumbnail","6":"product_cat-primera-puesta-ninos","7":"product_cat-set-cortos","9":"first","10":"instock","11":"shipping-taxable","12":"purchasable","13":"product-type-simple"},"yoast_head":"<!-- This site is optimized with the Yoast SEO plugin v27.0 - https:\/\/yoast.com\/product\/yoast-seo-wordpress\/ -->\n<title>Culote. Navy<\/title>\n<meta name=\"robots\" content=\"index, follow, max-snippet:-1, max-image-preview:large, max-video-preview:-1\" \/>\n<link rel=\"canonical\" href=\"https:\/\/www.rayuelakids.com\/es\/producto\/culote-gray-2\/\" \/>\n<meta property=\"og:locale\" content=\"es_ES\" \/>\n<meta property=\"og:type\" content=\"article\" \/>\n<meta property=\"og:title\" content=\"Culote. Navy\" \/>\n<meta property=\"og:description\" content=\"Para la futura mam\u00e1&#8230; Descubre nuestras cajas de regalo de lujo para una reci\u00e9n llegada. Mima a una nueva mam\u00e1 con una caja de regalo premium que puede atesorar. Encuentre los elementos esenciales que cualquier nuevo beb\u00e9 necesitar\u00e1 para darle la bienvenida al mundo. 3m para bebes 7 a 11 libras incluye manta tejida con el nombre bordado Set corto con su gorro jersey, camisa, cubre pa\u00f1al y gorro) 1 par de zapatos tejidos Hecho en Portugal Lavar a mano\" \/>\n<meta property=\"og:url\" content=\"https:\/\/www.rayuelakids.com\/es\/producto\/culote-gray-2\/\" \/>\n<meta property=\"article:publisher\" content=\"https:\/\/web.facebook.com\/rayuela\" \/>\n<meta property=\"article:modified_time\" content=\"2024-09-18T01:22:01+00:00\" \/>\n<meta property=\"og:image\" content=\"https:\/\/www.rayuelakids.com\/es\/wp-content\/uploads\/2024\/09\/1000543694-scaled.jpg\" \/>\n\t<meta property=\"og:image:width\" content=\"1920\" \/>\n\t<meta property=\"og:image:height\" content=\"2560\" \/>\n\t<meta property=\"og:image:type\" content=\"image\/jpeg\" \/>\n<meta name=\"twitter:card\" content=\"summary_large_image\" \/>\n<script type=\"application\/ld+json\" class=\"yoast-schema-graph\">{\"@context\":\"https:\/\/schema.org\",\"@graph\":[{\"@type\":\"WebPage\",\"@id\":\"https:\/\/www.rayuelakids.com\/es\/producto\/culote-gray-2\/\",\"url\":\"https:\/\/www.rayuelakids.com\/es\/producto\/culote-gray-2\/\",\"name\":\"Culote. Navy\",\"isPartOf\":{\"@id\":\"https:\/\/www.rayuelakids.com\/es\/#website\"},\"primaryImageOfPage\":{\"@id\":\"https:\/\/www.rayuelakids.com\/es\/producto\/culote-gray-2\/#primaryimage\"},\"image\":{\"@id\":\"https:\/\/www.rayuelakids.com\/es\/producto\/culote-gray-2\/#primaryimage\"},\"thumbnailUrl\":\"https:\/\/i0.wp.com\/www.rayuelakids.com\/es\/wp-content\/uploads\/2024\/09\/1000543694-scaled.jpg?fit=1920%2C2560&ssl=1\",\"datePublished\":\"2024-09-13T19:16:09+00:00\",\"dateModified\":\"2024-09-18T01:22:01+00:00\",\"breadcrumb\":{\"@id\":\"https:\/\/www.rayuelakids.com\/es\/producto\/culote-gray-2\/#breadcrumb\"},\"inLanguage\":\"es\",\"potentialAction\":[{\"@type\":\"ReadAction\",\"target\":[\"https:\/\/www.rayuelakids.com\/es\/producto\/culote-gray-2\/\"]}]},{\"@type\":\"ImageObject\",\"inLanguage\":\"es\",\"@id\":\"https:\/\/www.rayuelakids.com\/es\/producto\/culote-gray-2\/#primaryimage\",\"url\":\"https:\/\/i0.wp.com\/www.rayuelakids.com\/es\/wp-content\/uploads\/2024\/09\/1000543694-scaled.jpg?fit=1920%2C2560&ssl=1\",\"contentUrl\":\"https:\/\/i0.wp.com\/www.rayuelakids.com\/es\/wp-content\/uploads\/2024\/09\/1000543694-scaled.jpg?fit=1920%2C2560&ssl=1\",\"width\":1920,\"height\":2560},{\"@type\":\"BreadcrumbList\",\"@id\":\"https:\/\/www.rayuelakids.com\/es\/producto\/culote-gray-2\/#breadcrumb\",\"itemListElement\":[{\"@type\":\"ListItem\",\"position\":1,\"name\":\"Portada\",\"item\":\"https:\/\/www.rayuelakids.com\/es\/\"},{\"@type\":\"ListItem\",\"position\":2,\"name\":\"Tienda\",\"item\":\"https:\/\/www.rayuelakids.com\/es\/tienda\/\"},{\"@type\":\"ListItem\",\"position\":3,\"name\":\"Culote. Navy\"}]},{\"@type\":\"WebSite\",\"@id\":\"https:\/\/www.rayuelakids.com\/es\/#website\",\"url\":\"https:\/\/www.rayuelakids.com\/es\/\",\"name\":\"Rayuela Kids\",\"description\":\"Moda Infantil\",\"publisher\":{\"@id\":\"https:\/\/www.rayuelakids.com\/es\/#organization\"},\"alternateName\":\"RayuelaKids\",\"potentialAction\":[{\"@type\":\"SearchAction\",\"target\":{\"@type\":\"EntryPoint\",\"urlTemplate\":\"https:\/\/www.rayuelakids.com\/es\/?s={search_term_string}\"},\"query-input\":{\"@type\":\"PropertyValueSpecification\",\"valueRequired\":true,\"valueName\":\"search_term_string\"}}],\"inLanguage\":\"es\"},{\"@type\":\"Organization\",\"@id\":\"https:\/\/www.rayuelakids.com\/es\/#organization\",\"name\":\"Rayuela Kids\",\"url\":\"https:\/\/www.rayuelakids.com\/es\/\",\"logo\":{\"@type\":\"ImageObject\",\"inLanguage\":\"es\",\"@id\":\"https:\/\/www.rayuelakids.com\/es\/#\/schema\/logo\/image\/\",\"url\":\"https:\/\/www.rayuelakids.com\/es\/wp-content\/uploads\/2022\/03\/cropped-Rayulea-logo-version-horizontal-scaled-1-e1647744456320.jpg\",\"contentUrl\":\"https:\/\/www.rayuelakids.com\/es\/wp-content\/uploads\/2022\/03\/cropped-Rayulea-logo-version-horizontal-scaled-1-e1647744456320.jpg\",\"width\":800,\"height\":300,\"caption\":\"Rayuela Kids\"},\"image\":{\"@id\":\"https:\/\/www.rayuelakids.com\/es\/#\/schema\/logo\/image\/\"},\"sameAs\":[\"https:\/\/web.facebook.com\/rayuela\",\"https:\/\/www.instagram.com\/rayuelakids\/?hl=en\"]}]}<\/script>\n<!-- \/ Yoast SEO plugin. -->","yoast_head_json":{"title":"Culote. Navy","robots":{"index":"index","follow":"follow","max-snippet":"max-snippet:-1","max-image-preview":"max-image-preview:large","max-video-preview":"max-video-preview:-1"},"canonical":"https:\/\/www.rayuelakids.com\/es\/producto\/culote-gray-2\/","og_locale":"es_ES","og_type":"article","og_title":"Culote. Navy","og_description":"Para la futura mam\u00e1&#8230; Descubre nuestras cajas de regalo de lujo para una reci\u00e9n llegada. Mima a una nueva mam\u00e1 con una caja de regalo premium que puede atesorar. Encuentre los elementos esenciales que cualquier nuevo beb\u00e9 necesitar\u00e1 para darle la bienvenida al mundo. 3m para bebes 7 a 11 libras incluye manta tejida con el nombre bordado Set corto con su gorro jersey, camisa, cubre pa\u00f1al y gorro) 1 par de zapatos tejidos Hecho en Portugal Lavar a mano","og_url":"https:\/\/www.rayuelakids.com\/es\/producto\/culote-gray-2\/","article_publisher":"https:\/\/web.facebook.com\/rayuela","article_modified_time":"2024-09-18T01:22:01+00:00","og_image":[{"width":1920,"height":2560,"url":"https:\/\/www.rayuelakids.com\/es\/wp-content\/uploads\/2024\/09\/1000543694-scaled.jpg","type":"image\/jpeg"}],"twitter_card":"summary_large_image","schema":{"@context":"https:\/\/schema.org","@graph":[{"@type":"WebPage","@id":"https:\/\/www.rayuelakids.com\/es\/producto\/culote-gray-2\/","url":"https:\/\/www.rayuelakids.com\/es\/producto\/culote-gray-2\/","name":"Culote. Navy","isPartOf":{"@id":"https:\/\/www.rayuelakids.com\/es\/#website"},"primaryImageOfPage":{"@id":"https:\/\/www.rayuelakids.com\/es\/producto\/culote-gray-2\/#primaryimage"},"image":{"@id":"https:\/\/www.rayuelakids.com\/es\/producto\/culote-gray-2\/#primaryimage"},"thumbnailUrl":"https:\/\/i0.wp.com\/www.rayuelakids.com\/es\/wp-content\/uploads\/2024\/09\/1000543694-scaled.jpg?fit=1920%2C2560&ssl=1","datePublished":"2024-09-13T19:16:09+00:00","dateModified":"2024-09-18T01:22:01+00:00","breadcrumb":{"@id":"https:\/\/www.rayuelakids.com\/es\/producto\/culote-gray-2\/#breadcrumb"},"inLanguage":"es","potentialAction":[{"@type":"ReadAction","target":["https:\/\/www.rayuelakids.com\/es\/producto\/culote-gray-2\/"]}]},{"@type":"ImageObject","inLanguage":"es","@id":"https:\/\/www.rayuelakids.com\/es\/producto\/culote-gray-2\/#primaryimage","url":"https:\/\/i0.wp.com\/www.rayuelakids.com\/es\/wp-content\/uploads\/2024\/09\/1000543694-scaled.jpg?fit=1920%2C2560&ssl=1","contentUrl":"https:\/\/i0.wp.com\/www.rayuelakids.com\/es\/wp-content\/uploads\/2024\/09\/1000543694-scaled.jpg?fit=1920%2C2560&ssl=1","width":1920,"height":2560},{"@type":"BreadcrumbList","@id":"https:\/\/www.rayuelakids.com\/es\/producto\/culote-gray-2\/#breadcrumb","itemListElement":[{"@type":"ListItem","position":1,"name":"Portada","item":"https:\/\/www.rayuelakids.com\/es\/"},{"@type":"ListItem","position":2,"name":"Tienda","item":"https:\/\/www.rayuelakids.com\/es\/tienda\/"},{"@type":"ListItem","position":3,"name":"Culote. Navy"}]},{"@type":"WebSite","@id":"https:\/\/www.rayuelakids.com\/es\/#website","url":"https:\/\/www.rayuelakids.com\/es\/","name":"Rayuela Kids","description":"Moda Infantil","publisher":{"@id":"https:\/\/www.rayuelakids.com\/es\/#organization"},"alternateName":"RayuelaKids","potentialAction":[{"@type":"SearchAction","target":{"@type":"EntryPoint","urlTemplate":"https:\/\/www.rayuelakids.com\/es\/?s={search_term_string}"},"query-input":{"@type":"PropertyValueSpecification","valueRequired":true,"valueName":"search_term_string"}}],"inLanguage":"es"},{"@type":"Organization","@id":"https:\/\/www.rayuelakids.com\/es\/#organization","name":"Rayuela Kids","url":"https:\/\/www.rayuelakids.com\/es\/","logo":{"@type":"ImageObject","inLanguage":"es","@id":"https:\/\/www.rayuelakids.com\/es\/#\/schema\/logo\/image\/","url":"https:\/\/www.rayuelakids.com\/es\/wp-content\/uploads\/2022\/03\/cropped-Rayulea-logo-version-horizontal-scaled-1-e1647744456320.jpg","contentUrl":"https:\/\/www.rayuelakids.com\/es\/wp-content\/uploads\/2022\/03\/cropped-Rayulea-logo-version-horizontal-scaled-1-e1647744456320.jpg","width":800,"height":300,"caption":"Rayuela Kids"},"image":{"@id":"https:\/\/www.rayuelakids.com\/es\/#\/schema\/logo\/image\/"},"sameAs":["https:\/\/web.facebook.com\/rayuela","https:\/\/www.instagram.com\/rayuelakids\/?hl=en"]}]}},"jetpack_sharing_enabled":true,"_links":{"self":[{"href":"https:\/\/www.rayuelakids.com\/es\/wp-json\/wp\/v2\/product\/7600","targetHints":{"allow":["GET"]}}],"collection":[{"href":"https:\/\/www.rayuelakids.com\/es\/wp-json\/wp\/v2\/product"}],"about":[{"href":"https:\/\/www.rayuelakids.com\/es\/wp-json\/wp\/v2\/types\/product"}],"replies":[{"embeddable":true,"href":"https:\/\/www.rayuelakids.com\/es\/wp-json\/wp\/v2\/comments?post=7600"}],"version-history":[{"count":1,"href":"https:\/\/www.rayuelakids.com\/es\/wp-json\/wp\/v2\/product\/7600\/revisions"}],"predecessor-version":[{"id":7603,"href":"https:\/\/www.rayuelakids.com\/es\/wp-json\/wp\/v2\/product\/7600\/revisions\/7603"}],"wp:featuredmedia":[{"embeddable":true,"href":"https:\/\/www.rayuelakids.com\/es\/wp-json\/wp\/v2\/media\/7601"}],"wp:attachment":[{"href":"https:\/\/www.rayuelakids.com\/es\/wp-json\/wp\/v2\/media?parent=7600"}],"wp:term":[{"taxonomy":"product_brand","embeddable":true,"href":"https:\/\/www.rayuelakids.com\/es\/wp-json\/wp\/v2\/product_brand?post=7600"},{"taxonomy":"product_cat","embeddable":true,"href":"https:\/\/www.rayuelakids.com\/es\/wp-json\/wp\/v2\/product_cat?post=7600"},{"taxonomy":"product_tag","embeddable":true,"href":"https:\/\/www.rayuelakids.com\/es\/wp-json\/wp\/v2\/product_tag?post=7600"}],"curies":[{"name":"wp","href":"https:\/\/api.w.org\/{rel}","templated":true}]}}