{"id":1467,"date":"2022-11-21T18:22:46","date_gmt":"2022-11-21T18:22:46","guid":{"rendered":"https:\/\/www.rayuelakids.com\/es\/?page_id=1467"},"modified":"2023-03-30T20:17:05","modified_gmt":"2023-03-30T20:17:05","slug":"primera-puesta-ninos-tienda-online-new-york","status":"publish","type":"page","link":"https:\/\/www.rayuelakids.com\/es\/primera-puesta-ninos-tienda-online-new-york\/","title":{"rendered":"Primera Puesta ni\u00f1os tienda online New York"},"content":{"rendered":"\n\n<p class=\"fonts-plugin-block \" style=\"font-family: Aleo;font-size: 33px;text-align: center;color: #0693e3\">Los mas  vendidos <\/p>\n\n\n\n\n<p>\u00bfEstas en la Busqueda de una tienda online en <strong>New York<\/strong> de <strong>primera puesta para ni\u00f1os<\/strong>?<br>Bienvenidos a <a href=\"htpps:\/\/www.rayuelakids.com\/es\">Rayuela Kids<\/a> moda infantil. Aqu\u00ed encontrar\u00e1s una multitud de opciones como conjuntos, jumpsuit, romper, y unas variedades de mantas tejidas a manos para envolver tu peque\u00f1o,mantas donde podemos bordar el nombre de tu ni\u00f1o, sin contar que tenemos ropas para vestir tu precioso desde 0 hasta 6 a\u00f1os. Nuestras <strong>primeras puestas<\/strong> y nuestras prendas est\u00e1n hechas de tela en algod\u00f3n y<a href=\"https:\/\/en.wikipedia.org\/wiki\/Acrylic_fiber\" target=\"_blank\" rel=\"noreferrer noopener\"> dral\u00f3n <\/a>con hilo certificado, elaborados entre Espa\u00f1a y Portugal, 100% hipoalergenico. Somos totalmente conscientes de que cuando est\u00e1s esperando un beb\u00e9, hay muchas cosas que hacer. Prepara y decora tu hogar, compra una cuna, un cambiador, un cochecito de beb\u00e9, pa\u00f1ales,cremitas y muchas cosas m\u00e1s y m\u00e1s. Por tal motivo te invitamos a visitar nuestra<a href=\"https:\/\/www.rayuelakids.com\/es\"> <strong>tienda online<\/strong><\/a>, donde encontrar\u00e1s muchas opciones de <strong>primera puesta<\/strong> para tu <strong>ni\u00f1o<\/strong> y lo m\u00e1s importante podr\u00e1s realizar tus compras c\u00f3modamente sentada o c\u00f3modamente acostada.<br>Sabemos que ahora te estaras preguntado:\u00a8\u00ff el pago? esta seguro? Por supuesto. Nosotros aceptamos solo pagos por <a href=\"https:\/\/www.paypal.com\/do\/webapps\/mpp\/paypal-safety-and-security\" target=\"_blank\" rel=\"noreferrer noopener\">PAY PAL<\/a>, que tutela el comprador<br>hasta que no tenga su mercancia en la mano. Ademas te asesoramos durante la compra con un servicio de mensajeria. Y si ahora te estas preguntando cuando te costara el envio, no te asuste,<br>tenemos servicio de envio internacional que te entregara tu compra hasta tu puerta en New York, efectuado por <a href=\"https:\/\/www.dhl.com\/do-es\/home.html?locale=true\" target=\"_blank\" rel=\"noreferrer noopener\">DHL<\/a> totalmente gratis.<\/p>\n\n\n\n<p><a href=\"https:\/\/www.rayuelakids.com\/es\">RayuelaKids<\/a> es una tienda fisica y online, ubicada en Calle maximo Heniquez Ure\u00f1a 21 (2do nivel) en Santo Domingo, 2 locales totalmente dedicados al mundo de los ni\u00f1os, y nace de una idea de <a href=\"https:\/\/www.instagram.com\/rayuelakids\/?hl=en\" target=\"_blank\" rel=\"noreferrer noopener\">Julissa Peralta<\/a>, quien dejo su carrera como arquitecto para dedicarse a lo que m\u00e1s le gusta, dise\u00f1ar moda infantil. Su pasi\u00f3n la llev\u00f3 a presentar sus colecciones no solo aqu\u00ed en el pa\u00eds donde en 2014 fue premiada como mejor dise\u00f1adora en el Dominican Fashion Award,<br>sino tambi\u00e9n en Nueva York. En el Octubre 2022 <a href=\"https:\/\/www.rayuelakids.com\/es\">Rayuela Kids<\/a> viene premiada como mejor dise\u00f1ador de moda infantil en la primera edicion de <a href=\"https:\/\/www.diariolibre.com\/revista\/moda\/2022\/10\/24\/la-moda-dominicana-celebra-su-primer-galardon\/2119477\" target=\"_blank\" rel=\"noreferrer noopener\">Premios a la moda Dominicana<\/a>. Aqui no no encontraras simples empleados, sino personas que aman su trabajo.<br>No dudes en ponerte en contacto con nosotros a cualquier hora del d\u00eda, ser\u00e1 un placer atenderte.<\/p>\n\n\n\n<h2 class=\"wp-block-heading\">Primera Puesta para ni\u00f1os &#8211; tienda online en New York.<a href=\"htpps:\/\/www.rayuelakids.com\/es\">Rayuela Kids<\/a> &#8211; Ropas para ni\u00f1os realizadas con hilos certificados.<\/h2>\n","protected":false},"excerpt":{"rendered":"<p>\u00bfEstas en la Busqueda de una tienda online en New York de primera puesta para ni\u00f1os?Bienvenidos a Rayuela Kids moda infantil. Aqu\u00ed encontrar\u00e1s una multitud de opciones como conjuntos, jumpsuit, romper, y unas variedades de mantas tejidas a manos para envolver tu peque\u00f1o,mantas donde podemos bordar el nombre de tu ni\u00f1o, sin contar que tenemos ropas para vestir tu precioso desde 0 hasta 6 a\u00f1os. Nuestras primeras puestas y nuestras prendas est\u00e1n hechas de tela en algod\u00f3n y dral\u00f3n con hilo certificado, elaborados entre Espa\u00f1a y Portugal, 100% hipoalergenico. Somos totalmente conscientes de que cuando est\u00e1s esperando un beb\u00e9, hay muchas cosas que hacer. Prepara y decora tu hogar, compra una cuna, un cambiador, un cochecito de beb\u00e9, pa\u00f1ales,cremitas y muchas cosas m\u00e1s y m\u00e1s. Por tal motivo te invitamos a visitar nuestra tienda online, donde encontrar\u00e1s muchas opciones de primera puesta para tu ni\u00f1o y lo m\u00e1s importante podr\u00e1s realizar tus compras c\u00f3modamente sentada o c\u00f3modamente acostada.Sabemos que ahora te estaras preguntado:\u00a8\u00ff el pago? esta seguro? Por supuesto. Nosotros aceptamos solo pagos por PAY PAL, que tutela el compradorhasta que no tenga su mercancia en la mano. Ademas te asesoramos durante la compra con un servicio de mensajeria. Y si ahora te estas preguntando cuando te costara el envio, no te asuste,tenemos servicio de envio internacional que te entregara tu compra hasta tu puerta en New York, efectuado por DHL totalmente gratis. RayuelaKids es una tienda fisica y online, ubicada en Calle maximo Heniquez Ure\u00f1a 21 (2do nivel) en Santo Domingo, 2 locales totalmente dedicados al mundo de los ni\u00f1os, y nace de una idea de Julissa Peralta, quien dejo su carrera como arquitecto para dedicarse a lo que m\u00e1s le gusta, dise\u00f1ar moda infantil. Su pasi\u00f3n la llev\u00f3 a presentar sus colecciones no solo aqu\u00ed en el pa\u00eds donde en 2014 fue premiada como mejor dise\u00f1adora en el Dominican Fashion Award,sino tambi\u00e9n en Nueva York. En el Octubre 2022 Rayuela Kids viene premiada como mejor dise\u00f1ador de moda infantil en la primera edicion de Premios a la moda Dominicana. Aqui no no encontraras simples empleados, sino personas que aman su trabajo.No dudes en ponerte en contacto con nosotros a cualquier hora del d\u00eda, ser\u00e1 un placer atenderte. Primera Puesta para ni\u00f1os &#8211; tienda online en New York.Rayuela Kids &#8211; Ropas para ni\u00f1os realizadas con hilos certificados.<\/p>\n","protected":false},"author":1,"featured_media":0,"parent":0,"menu_order":0,"comment_status":"closed","ping_status":"closed","template":"","meta":{"inline_featured_image":false,"_joinchat":[],"footnotes":""},"class_list":["post-1467","page","type-page","status-publish","hentry"],"yoast_head":"<!-- This site is optimized with the Yoast SEO plugin v27.0 - https:\/\/yoast.com\/product\/yoast-seo-wordpress\/ -->\n<title>Primera Puesta ni\u00f1os-Tienda online en New York-Env\u00edo Gratis<\/title>\n<meta name=\"description\" content=\"Primera Puesta ni\u00f1os tienda online New York.Env\u00edo Gratis. Moda infantil desde 0 hasta 6 a\u00f1os. Conjuntos, rompers y mucho mas para tu ni\u00f1o.\" \/>\n<meta name=\"robots\" content=\"index, follow, max-snippet:-1, max-image-preview:large, max-video-preview:-1\" \/>\n<link rel=\"canonical\" href=\"https:\/\/www.rayuelakids.com\/es\/primera-puesta-ninos-tienda-online-new-york\/\" \/>\n<meta property=\"og:locale\" content=\"es_ES\" \/>\n<meta property=\"og:type\" content=\"article\" \/>\n<meta property=\"og:title\" content=\"Primera Puesta ni\u00f1os-Tienda online en New York-Env\u00edo Gratis\" \/>\n<meta property=\"og:description\" content=\"Primera Puesta ni\u00f1os tienda online New York.Env\u00edo Gratis. Moda infantil desde 0 hasta 6 a\u00f1os. Conjuntos, rompers y mucho mas para tu ni\u00f1o.\" \/>\n<meta property=\"og:url\" content=\"https:\/\/www.rayuelakids.com\/es\/primera-puesta-ninos-tienda-online-new-york\/\" \/>\n<meta property=\"article:publisher\" content=\"https:\/\/web.facebook.com\/rayuela\" \/>\n<meta property=\"article:modified_time\" content=\"2023-03-30T20:17:05+00:00\" \/>\n<meta property=\"og:image\" content=\"https:\/\/www.rayuelakids.com\/es\/wp-content\/uploads\/2022\/11\/primera-puesta-ninos-tienda-online-new-york.jpeg\" \/>\n\t<meta property=\"og:image:width\" content=\"1024\" \/>\n\t<meta property=\"og:image:height\" content=\"970\" \/>\n\t<meta property=\"og:image:type\" content=\"image\/jpeg\" \/>\n<meta name=\"twitter:card\" content=\"summary_large_image\" \/>\n<meta name=\"twitter:label1\" content=\"Tiempo de lectura\" \/>\n\t<meta name=\"twitter:data1\" content=\"2 minutos\" \/>\n<script type=\"application\/ld+json\" class=\"yoast-schema-graph\">{\"@context\":\"https:\/\/schema.org\",\"@graph\":[{\"@type\":\"WebPage\",\"@id\":\"https:\/\/www.rayuelakids.com\/es\/primera-puesta-ninos-tienda-online-new-york\/\",\"url\":\"https:\/\/www.rayuelakids.com\/es\/primera-puesta-ninos-tienda-online-new-york\/\",\"name\":\"Primera Puesta ni\u00f1os-Tienda online en New York-Env\u00edo Gratis\",\"isPartOf\":{\"@id\":\"https:\/\/www.rayuelakids.com\/es\/#website\"},\"datePublished\":\"2022-11-21T18:22:46+00:00\",\"dateModified\":\"2023-03-30T20:17:05+00:00\",\"description\":\"Primera Puesta ni\u00f1os tienda online New York.Env\u00edo Gratis. Moda infantil desde 0 hasta 6 a\u00f1os. Conjuntos, rompers y mucho mas para tu ni\u00f1o.\",\"breadcrumb\":{\"@id\":\"https:\/\/www.rayuelakids.com\/es\/primera-puesta-ninos-tienda-online-new-york\/#breadcrumb\"},\"inLanguage\":\"es\",\"potentialAction\":[{\"@type\":\"ReadAction\",\"target\":[\"https:\/\/www.rayuelakids.com\/es\/primera-puesta-ninos-tienda-online-new-york\/\"]}]},{\"@type\":\"BreadcrumbList\",\"@id\":\"https:\/\/www.rayuelakids.com\/es\/primera-puesta-ninos-tienda-online-new-york\/#breadcrumb\",\"itemListElement\":[{\"@type\":\"ListItem\",\"position\":1,\"name\":\"Portada\",\"item\":\"https:\/\/www.rayuelakids.com\/es\/\"},{\"@type\":\"ListItem\",\"position\":2,\"name\":\"Primera Puesta ni\u00f1os tienda online New York\"}]},{\"@type\":\"WebSite\",\"@id\":\"https:\/\/www.rayuelakids.com\/es\/#website\",\"url\":\"https:\/\/www.rayuelakids.com\/es\/\",\"name\":\"Rayuela Kids\",\"description\":\"Moda Infantil\",\"publisher\":{\"@id\":\"https:\/\/www.rayuelakids.com\/es\/#organization\"},\"alternateName\":\"RayuelaKids\",\"potentialAction\":[{\"@type\":\"SearchAction\",\"target\":{\"@type\":\"EntryPoint\",\"urlTemplate\":\"https:\/\/www.rayuelakids.com\/es\/?s={search_term_string}\"},\"query-input\":{\"@type\":\"PropertyValueSpecification\",\"valueRequired\":true,\"valueName\":\"search_term_string\"}}],\"inLanguage\":\"es\"},{\"@type\":\"Organization\",\"@id\":\"https:\/\/www.rayuelakids.com\/es\/#organization\",\"name\":\"Rayuela Kids\",\"url\":\"https:\/\/www.rayuelakids.com\/es\/\",\"logo\":{\"@type\":\"ImageObject\",\"inLanguage\":\"es\",\"@id\":\"https:\/\/www.rayuelakids.com\/es\/#\/schema\/logo\/image\/\",\"url\":\"https:\/\/www.rayuelakids.com\/es\/wp-content\/uploads\/2022\/03\/cropped-Rayulea-logo-version-horizontal-scaled-1-e1647744456320.jpg\",\"contentUrl\":\"https:\/\/www.rayuelakids.com\/es\/wp-content\/uploads\/2022\/03\/cropped-Rayulea-logo-version-horizontal-scaled-1-e1647744456320.jpg\",\"width\":800,\"height\":300,\"caption\":\"Rayuela Kids\"},\"image\":{\"@id\":\"https:\/\/www.rayuelakids.com\/es\/#\/schema\/logo\/image\/\"},\"sameAs\":[\"https:\/\/web.facebook.com\/rayuela\",\"https:\/\/www.instagram.com\/rayuelakids\/?hl=en\"]}]}<\/script>\n<!-- \/ Yoast SEO plugin. -->","yoast_head_json":{"title":"Primera Puesta ni\u00f1os-Tienda online en New York-Env\u00edo Gratis","description":"Primera Puesta ni\u00f1os tienda online New York.Env\u00edo Gratis. Moda infantil desde 0 hasta 6 a\u00f1os. Conjuntos, rompers y mucho mas para tu ni\u00f1o.","robots":{"index":"index","follow":"follow","max-snippet":"max-snippet:-1","max-image-preview":"max-image-preview:large","max-video-preview":"max-video-preview:-1"},"canonical":"https:\/\/www.rayuelakids.com\/es\/primera-puesta-ninos-tienda-online-new-york\/","og_locale":"es_ES","og_type":"article","og_title":"Primera Puesta ni\u00f1os-Tienda online en New York-Env\u00edo Gratis","og_description":"Primera Puesta ni\u00f1os tienda online New York.Env\u00edo Gratis. Moda infantil desde 0 hasta 6 a\u00f1os. Conjuntos, rompers y mucho mas para tu ni\u00f1o.","og_url":"https:\/\/www.rayuelakids.com\/es\/primera-puesta-ninos-tienda-online-new-york\/","article_publisher":"https:\/\/web.facebook.com\/rayuela","article_modified_time":"2023-03-30T20:17:05+00:00","og_image":[{"width":1024,"height":970,"url":"https:\/\/www.rayuelakids.com\/es\/wp-content\/uploads\/2022\/11\/primera-puesta-ninos-tienda-online-new-york.jpeg","type":"image\/jpeg"}],"twitter_card":"summary_large_image","twitter_misc":{"Tiempo de lectura":"2 minutos"},"schema":{"@context":"https:\/\/schema.org","@graph":[{"@type":"WebPage","@id":"https:\/\/www.rayuelakids.com\/es\/primera-puesta-ninos-tienda-online-new-york\/","url":"https:\/\/www.rayuelakids.com\/es\/primera-puesta-ninos-tienda-online-new-york\/","name":"Primera Puesta ni\u00f1os-Tienda online en New York-Env\u00edo Gratis","isPartOf":{"@id":"https:\/\/www.rayuelakids.com\/es\/#website"},"datePublished":"2022-11-21T18:22:46+00:00","dateModified":"2023-03-30T20:17:05+00:00","description":"Primera Puesta ni\u00f1os tienda online New York.Env\u00edo Gratis. Moda infantil desde 0 hasta 6 a\u00f1os. Conjuntos, rompers y mucho mas para tu ni\u00f1o.","breadcrumb":{"@id":"https:\/\/www.rayuelakids.com\/es\/primera-puesta-ninos-tienda-online-new-york\/#breadcrumb"},"inLanguage":"es","potentialAction":[{"@type":"ReadAction","target":["https:\/\/www.rayuelakids.com\/es\/primera-puesta-ninos-tienda-online-new-york\/"]}]},{"@type":"BreadcrumbList","@id":"https:\/\/www.rayuelakids.com\/es\/primera-puesta-ninos-tienda-online-new-york\/#breadcrumb","itemListElement":[{"@type":"ListItem","position":1,"name":"Portada","item":"https:\/\/www.rayuelakids.com\/es\/"},{"@type":"ListItem","position":2,"name":"Primera Puesta ni\u00f1os tienda online New York"}]},{"@type":"WebSite","@id":"https:\/\/www.rayuelakids.com\/es\/#website","url":"https:\/\/www.rayuelakids.com\/es\/","name":"Rayuela Kids","description":"Moda Infantil","publisher":{"@id":"https:\/\/www.rayuelakids.com\/es\/#organization"},"alternateName":"RayuelaKids","potentialAction":[{"@type":"SearchAction","target":{"@type":"EntryPoint","urlTemplate":"https:\/\/www.rayuelakids.com\/es\/?s={search_term_string}"},"query-input":{"@type":"PropertyValueSpecification","valueRequired":true,"valueName":"search_term_string"}}],"inLanguage":"es"},{"@type":"Organization","@id":"https:\/\/www.rayuelakids.com\/es\/#organization","name":"Rayuela Kids","url":"https:\/\/www.rayuelakids.com\/es\/","logo":{"@type":"ImageObject","inLanguage":"es","@id":"https:\/\/www.rayuelakids.com\/es\/#\/schema\/logo\/image\/","url":"https:\/\/www.rayuelakids.com\/es\/wp-content\/uploads\/2022\/03\/cropped-Rayulea-logo-version-horizontal-scaled-1-e1647744456320.jpg","contentUrl":"https:\/\/www.rayuelakids.com\/es\/wp-content\/uploads\/2022\/03\/cropped-Rayulea-logo-version-horizontal-scaled-1-e1647744456320.jpg","width":800,"height":300,"caption":"Rayuela Kids"},"image":{"@id":"https:\/\/www.rayuelakids.com\/es\/#\/schema\/logo\/image\/"},"sameAs":["https:\/\/web.facebook.com\/rayuela","https:\/\/www.instagram.com\/rayuelakids\/?hl=en"]}]}},"jetpack_sharing_enabled":true,"_links":{"self":[{"href":"https:\/\/www.rayuelakids.com\/es\/wp-json\/wp\/v2\/pages\/1467","targetHints":{"allow":["GET"]}}],"collection":[{"href":"https:\/\/www.rayuelakids.com\/es\/wp-json\/wp\/v2\/pages"}],"about":[{"href":"https:\/\/www.rayuelakids.com\/es\/wp-json\/wp\/v2\/types\/page"}],"author":[{"embeddable":true,"href":"https:\/\/www.rayuelakids.com\/es\/wp-json\/wp\/v2\/users\/1"}],"replies":[{"embeddable":true,"href":"https:\/\/www.rayuelakids.com\/es\/wp-json\/wp\/v2\/comments?post=1467"}],"version-history":[{"count":0,"href":"https:\/\/www.rayuelakids.com\/es\/wp-json\/wp\/v2\/pages\/1467\/revisions"}],"wp:attachment":[{"href":"https:\/\/www.rayuelakids.com\/es\/wp-json\/wp\/v2\/media?parent=1467"}],"curies":[{"name":"wp","href":"https:\/\/api.w.org\/{rel}","templated":true}]}}