{"id":1265,"date":"2022-10-24T19:18:40","date_gmt":"2022-10-24T19:18:40","guid":{"rendered":"https:\/\/www.rayuelakids.com\/es\/?page_id=1265"},"modified":"2023-03-30T20:14:53","modified_gmt":"2023-03-30T20:14:53","slug":"primera-puesta-ninos-tienda-online-bogota","status":"publish","type":"page","link":"https:\/\/www.rayuelakids.com\/es\/primera-puesta-ninos-tienda-online-bogota\/","title":{"rendered":"Primera puesta ni\u00f1os tienda online en Bogot\u00e1"},"content":{"rendered":"\n\n<p class=\"fonts-plugin-block \" style=\"font-family: Aleo;font-size: 30px;text-align: center;color: #8ed1fc\">Nuestra Colecci\u00f3n<\/p>\n\n\n\n\n<p style=\"font-size:24px\">\u00bfBuscas <strong>una tienda online en Bogot\u00e1 de primera puesta para ni\u00f1os<\/strong>?<br>Bienvenidos a <a href=\"http:\/\/www.rayuelkids.com\/es\">Rayuela Kids<\/a> moda infantil. Aqu\u00ed encontrar\u00e1s una multitud de opciones como conjuntos,<br>romper, unas variedades de manta tejidas a manos para calentar tu peque\u00f1o, sin contar ropas para <strong>ni\u00f1os<\/strong> desde 0 hasta 6 a\u00f1os.<br>Nuestras <strong>primeras puestas<\/strong> y nuestras prendas est\u00e1n hechas de tela en algod\u00f3n y <a href=\"https:\/\/en.wikipedia.org\/wiki\/Acrylic_fiber\">dral\u00f3n<\/a> con hilo certificado, elaborados entre Espa\u00f1a y Portugal, 100% hipoalerg\u00e9nico. Somos totalmente conscientes de que cuando est\u00e1s esperando un beb\u00e9, hay muchas cosas que hacer. Prepara y decora tu hogar, compra una cuna, un cambiador,un cochecito de beb\u00e9 y muchas cosas m\u00e1s y m\u00e1s. Por tal motivo te invitamos a visitar nuestra <strong>tienda online<\/strong>,donde encontrar\u00e1s muchas opciones de <strong>primer puesta para tus ni\u00f1o<\/strong>s y lo m\u00e1s importante podr\u00e1s realizar tus compras c\u00f3modamente sentada y c\u00f3moda.<br>Sabemos que ahora te estar\u00e1s preguntado:\u00a8y el pago? sera seguro? \u00a8. Por supuesto. Nosotros aceptamos pagos por <a href=\"http:\/\/www.paypal.com\" target=\"_blank\" rel=\"noreferrer noopener\">PAY PAL<\/a>, que tutela el comprador hasta que no tenga su mercanc\u00eda en la mano. Y si ahora te estas preguntando cuando te costara el envio, no te asuste, tenemos servicio de env\u00edo internacional efectuado por <a href=\"http:\/\/www.dhl.com\" target=\"_blank\" rel=\"noreferrer noopener\">DHL<\/a> totalmente gratis.<\/p>\n\n\n\n<p style=\"font-size:24px\"><a href=\"http:\/\/www.rayuelakids.com\/es\">Rayuela Kids <\/a>es una tienda f\u00edsica y online, ubicada en Calle M\u00e1ximo Henr\u00edquez Ure\u00f1a 21 (2do nivel) en Santo Domingo,2 locales totalmente dedicados al mundo de los ni\u00f1os, y nace de una idea de <a href=\"https:\/\/www.instagram.com\/rayuelakids\/?hl=en\" target=\"_blank\" rel=\"noreferrer noopener\">Julissa Peralta<\/a>, quien dej\u00f3 su carrera como arquitecto para dedicarse a lo que m\u00e1s le gusta, dise\u00f1ar moda infantil.<br>Su pasi\u00f3n la llev\u00f3 a presentar sus colecciones no solo aqu\u00ed en el pa\u00eds donde en 2014 fue premiada como mejor dise\u00f1adora en el Dominican Fashion Award,sino tambi\u00e9n en Nueva York. Donde nosotros no encontrar\u00e1s simples empleados, sino personas que aman su trabajo.<br>No dudes en ponerse en contacto con nosotros a cualquier hora del d\u00eda, ser\u00e1 un placer atenderte.<\/p>\n\n\n\n<h2 class=\"wp-block-heading\">Primera Puesta ni\u00f1os tienda online en Bogot\u00e1.<a href=\"http:\/\/www.rayuelakids.com\/es\">Rayuelakids<\/a> moda infantil. Ropas para ni\u00f1os realizadas en algod\u00f3n y dralon.<\/h2>\n","protected":false},"excerpt":{"rendered":"<p>\u00bfBuscas una tienda online en Bogot\u00e1 de primera puesta para ni\u00f1os?Bienvenidos a Rayuela Kids moda infantil. Aqu\u00ed encontrar\u00e1s una multitud de opciones como conjuntos,romper, unas variedades de manta tejidas a manos para calentar tu peque\u00f1o, sin contar ropas para ni\u00f1os desde 0 hasta 6 a\u00f1os.Nuestras primeras puestas y nuestras prendas est\u00e1n hechas de tela en algod\u00f3n y dral\u00f3n con hilo certificado, elaborados entre Espa\u00f1a y Portugal, 100% hipoalerg\u00e9nico. Somos totalmente conscientes de que cuando est\u00e1s esperando un beb\u00e9, hay muchas cosas que hacer. Prepara y decora tu hogar, compra una cuna, un cambiador,un cochecito de beb\u00e9 y muchas cosas m\u00e1s y m\u00e1s. Por tal motivo te invitamos a visitar nuestra tienda online,donde encontrar\u00e1s muchas opciones de primer puesta para tus ni\u00f1os y lo m\u00e1s importante podr\u00e1s realizar tus compras c\u00f3modamente sentada y c\u00f3moda.Sabemos que ahora te estar\u00e1s preguntado:\u00a8y el pago? sera seguro? \u00a8. Por supuesto. Nosotros aceptamos pagos por PAY PAL, que tutela el comprador hasta que no tenga su mercanc\u00eda en la mano. Y si ahora te estas preguntando cuando te costara el envio, no te asuste, tenemos servicio de env\u00edo internacional efectuado por DHL totalmente gratis. Rayuela Kids es una tienda f\u00edsica y online, ubicada en Calle M\u00e1ximo Henr\u00edquez Ure\u00f1a 21 (2do nivel) en Santo Domingo,2 locales totalmente dedicados al mundo de los ni\u00f1os, y nace de una idea de Julissa Peralta, quien dej\u00f3 su carrera como arquitecto para dedicarse a lo que m\u00e1s le gusta, dise\u00f1ar moda infantil.Su pasi\u00f3n la llev\u00f3 a presentar sus colecciones no solo aqu\u00ed en el pa\u00eds donde en 2014 fue premiada como mejor dise\u00f1adora en el Dominican Fashion Award,sino tambi\u00e9n en Nueva York. Donde nosotros no encontrar\u00e1s simples empleados, sino personas que aman su trabajo.No dudes en ponerse en contacto con nosotros a cualquier hora del d\u00eda, ser\u00e1 un placer atenderte. Primera Puesta ni\u00f1os tienda online en Bogot\u00e1.Rayuelakids moda infantil. Ropas para ni\u00f1os realizadas en algod\u00f3n y dralon.<\/p>\n","protected":false},"author":1,"featured_media":0,"parent":0,"menu_order":0,"comment_status":"closed","ping_status":"closed","template":"","meta":{"inline_featured_image":false,"_joinchat":[],"footnotes":""},"class_list":["post-1265","page","type-page","status-publish","hentry"],"yoast_head":"<!-- This site is optimized with the Yoast SEO plugin v27.0 - https:\/\/yoast.com\/product\/yoast-seo-wordpress\/ -->\n<title>Primera Puesta ni\u00f1os - Tienda online en Bogot\u00e1. Env\u00edo gratis<\/title>\n<meta name=\"description\" content=\"Primera Puesta para ni\u00f1os Tienda online en Bogot\u00e1. Env\u00edo gratis. Moda infantil desde 0 hasta 6 a\u00f1os. Conjuntos,rompers y mucho m\u00e1s.\" \/>\n<meta name=\"robots\" content=\"index, follow, max-snippet:-1, max-image-preview:large, max-video-preview:-1\" \/>\n<link rel=\"canonical\" href=\"https:\/\/www.rayuelakids.com\/es\/primera-puesta-ninos-tienda-online-bogota\/\" \/>\n<meta property=\"og:locale\" content=\"es_ES\" \/>\n<meta property=\"og:type\" content=\"article\" \/>\n<meta property=\"og:title\" content=\"Primera Puesta ni\u00f1os - Tienda online en Bogot\u00e1. Env\u00edo gratis\" \/>\n<meta property=\"og:description\" content=\"Primera Puesta para ni\u00f1os Tienda online en Bogot\u00e1. Env\u00edo gratis. Moda infantil desde 0 hasta 6 a\u00f1os. Conjuntos,rompers y mucho m\u00e1s.\" \/>\n<meta property=\"og:url\" content=\"https:\/\/www.rayuelakids.com\/es\/primera-puesta-ninos-tienda-online-bogota\/\" \/>\n<meta property=\"article:publisher\" content=\"https:\/\/web.facebook.com\/rayuela\" \/>\n<meta property=\"article:modified_time\" content=\"2023-03-30T20:14:53+00:00\" \/>\n<meta property=\"og:image\" content=\"https:\/\/www.rayuelakids.com\/es\/wp-content\/uploads\/2022\/10\/Primera-Puesta-ninos-Tienda-online-en-Bogota..jpeg\" \/>\n\t<meta property=\"og:image:width\" content=\"1512\" \/>\n\t<meta property=\"og:image:height\" content=\"1094\" \/>\n\t<meta property=\"og:image:type\" content=\"image\/jpeg\" \/>\n<meta name=\"twitter:card\" content=\"summary_large_image\" \/>\n<meta name=\"twitter:label1\" content=\"Tiempo de lectura\" \/>\n\t<meta name=\"twitter:data1\" content=\"2 minutos\" \/>\n<script type=\"application\/ld+json\" class=\"yoast-schema-graph\">{\"@context\":\"https:\/\/schema.org\",\"@graph\":[{\"@type\":\"WebPage\",\"@id\":\"https:\/\/www.rayuelakids.com\/es\/primera-puesta-ninos-tienda-online-bogota\/\",\"url\":\"https:\/\/www.rayuelakids.com\/es\/primera-puesta-ninos-tienda-online-bogota\/\",\"name\":\"Primera Puesta ni\u00f1os - Tienda online en Bogot\u00e1. Env\u00edo gratis\",\"isPartOf\":{\"@id\":\"https:\/\/www.rayuelakids.com\/es\/#website\"},\"datePublished\":\"2022-10-24T19:18:40+00:00\",\"dateModified\":\"2023-03-30T20:14:53+00:00\",\"description\":\"Primera Puesta para ni\u00f1os Tienda online en Bogot\u00e1. Env\u00edo gratis. Moda infantil desde 0 hasta 6 a\u00f1os. Conjuntos,rompers y mucho m\u00e1s.\",\"breadcrumb\":{\"@id\":\"https:\/\/www.rayuelakids.com\/es\/primera-puesta-ninos-tienda-online-bogota\/#breadcrumb\"},\"inLanguage\":\"es\",\"potentialAction\":[{\"@type\":\"ReadAction\",\"target\":[\"https:\/\/www.rayuelakids.com\/es\/primera-puesta-ninos-tienda-online-bogota\/\"]}]},{\"@type\":\"BreadcrumbList\",\"@id\":\"https:\/\/www.rayuelakids.com\/es\/primera-puesta-ninos-tienda-online-bogota\/#breadcrumb\",\"itemListElement\":[{\"@type\":\"ListItem\",\"position\":1,\"name\":\"Portada\",\"item\":\"https:\/\/www.rayuelakids.com\/es\/\"},{\"@type\":\"ListItem\",\"position\":2,\"name\":\"Primera puesta ni\u00f1os tienda online en Bogot\u00e1\"}]},{\"@type\":\"WebSite\",\"@id\":\"https:\/\/www.rayuelakids.com\/es\/#website\",\"url\":\"https:\/\/www.rayuelakids.com\/es\/\",\"name\":\"Rayuela Kids\",\"description\":\"Moda Infantil\",\"publisher\":{\"@id\":\"https:\/\/www.rayuelakids.com\/es\/#organization\"},\"alternateName\":\"RayuelaKids\",\"potentialAction\":[{\"@type\":\"SearchAction\",\"target\":{\"@type\":\"EntryPoint\",\"urlTemplate\":\"https:\/\/www.rayuelakids.com\/es\/?s={search_term_string}\"},\"query-input\":{\"@type\":\"PropertyValueSpecification\",\"valueRequired\":true,\"valueName\":\"search_term_string\"}}],\"inLanguage\":\"es\"},{\"@type\":\"Organization\",\"@id\":\"https:\/\/www.rayuelakids.com\/es\/#organization\",\"name\":\"Rayuela Kids\",\"url\":\"https:\/\/www.rayuelakids.com\/es\/\",\"logo\":{\"@type\":\"ImageObject\",\"inLanguage\":\"es\",\"@id\":\"https:\/\/www.rayuelakids.com\/es\/#\/schema\/logo\/image\/\",\"url\":\"https:\/\/www.rayuelakids.com\/es\/wp-content\/uploads\/2022\/03\/cropped-Rayulea-logo-version-horizontal-scaled-1-e1647744456320.jpg\",\"contentUrl\":\"https:\/\/www.rayuelakids.com\/es\/wp-content\/uploads\/2022\/03\/cropped-Rayulea-logo-version-horizontal-scaled-1-e1647744456320.jpg\",\"width\":800,\"height\":300,\"caption\":\"Rayuela Kids\"},\"image\":{\"@id\":\"https:\/\/www.rayuelakids.com\/es\/#\/schema\/logo\/image\/\"},\"sameAs\":[\"https:\/\/web.facebook.com\/rayuela\",\"https:\/\/www.instagram.com\/rayuelakids\/?hl=en\"]}]}<\/script>\n<!-- \/ Yoast SEO plugin. -->","yoast_head_json":{"title":"Primera Puesta ni\u00f1os - Tienda online en Bogot\u00e1. Env\u00edo gratis","description":"Primera Puesta para ni\u00f1os Tienda online en Bogot\u00e1. Env\u00edo gratis. Moda infantil desde 0 hasta 6 a\u00f1os. Conjuntos,rompers y mucho m\u00e1s.","robots":{"index":"index","follow":"follow","max-snippet":"max-snippet:-1","max-image-preview":"max-image-preview:large","max-video-preview":"max-video-preview:-1"},"canonical":"https:\/\/www.rayuelakids.com\/es\/primera-puesta-ninos-tienda-online-bogota\/","og_locale":"es_ES","og_type":"article","og_title":"Primera Puesta ni\u00f1os - Tienda online en Bogot\u00e1. Env\u00edo gratis","og_description":"Primera Puesta para ni\u00f1os Tienda online en Bogot\u00e1. Env\u00edo gratis. Moda infantil desde 0 hasta 6 a\u00f1os. Conjuntos,rompers y mucho m\u00e1s.","og_url":"https:\/\/www.rayuelakids.com\/es\/primera-puesta-ninos-tienda-online-bogota\/","article_publisher":"https:\/\/web.facebook.com\/rayuela","article_modified_time":"2023-03-30T20:14:53+00:00","og_image":[{"width":1512,"height":1094,"url":"https:\/\/www.rayuelakids.com\/es\/wp-content\/uploads\/2022\/10\/Primera-Puesta-ninos-Tienda-online-en-Bogota..jpeg","type":"image\/jpeg"}],"twitter_card":"summary_large_image","twitter_misc":{"Tiempo de lectura":"2 minutos"},"schema":{"@context":"https:\/\/schema.org","@graph":[{"@type":"WebPage","@id":"https:\/\/www.rayuelakids.com\/es\/primera-puesta-ninos-tienda-online-bogota\/","url":"https:\/\/www.rayuelakids.com\/es\/primera-puesta-ninos-tienda-online-bogota\/","name":"Primera Puesta ni\u00f1os - Tienda online en Bogot\u00e1. Env\u00edo gratis","isPartOf":{"@id":"https:\/\/www.rayuelakids.com\/es\/#website"},"datePublished":"2022-10-24T19:18:40+00:00","dateModified":"2023-03-30T20:14:53+00:00","description":"Primera Puesta para ni\u00f1os Tienda online en Bogot\u00e1. Env\u00edo gratis. Moda infantil desde 0 hasta 6 a\u00f1os. Conjuntos,rompers y mucho m\u00e1s.","breadcrumb":{"@id":"https:\/\/www.rayuelakids.com\/es\/primera-puesta-ninos-tienda-online-bogota\/#breadcrumb"},"inLanguage":"es","potentialAction":[{"@type":"ReadAction","target":["https:\/\/www.rayuelakids.com\/es\/primera-puesta-ninos-tienda-online-bogota\/"]}]},{"@type":"BreadcrumbList","@id":"https:\/\/www.rayuelakids.com\/es\/primera-puesta-ninos-tienda-online-bogota\/#breadcrumb","itemListElement":[{"@type":"ListItem","position":1,"name":"Portada","item":"https:\/\/www.rayuelakids.com\/es\/"},{"@type":"ListItem","position":2,"name":"Primera puesta ni\u00f1os tienda online en Bogot\u00e1"}]},{"@type":"WebSite","@id":"https:\/\/www.rayuelakids.com\/es\/#website","url":"https:\/\/www.rayuelakids.com\/es\/","name":"Rayuela Kids","description":"Moda Infantil","publisher":{"@id":"https:\/\/www.rayuelakids.com\/es\/#organization"},"alternateName":"RayuelaKids","potentialAction":[{"@type":"SearchAction","target":{"@type":"EntryPoint","urlTemplate":"https:\/\/www.rayuelakids.com\/es\/?s={search_term_string}"},"query-input":{"@type":"PropertyValueSpecification","valueRequired":true,"valueName":"search_term_string"}}],"inLanguage":"es"},{"@type":"Organization","@id":"https:\/\/www.rayuelakids.com\/es\/#organization","name":"Rayuela Kids","url":"https:\/\/www.rayuelakids.com\/es\/","logo":{"@type":"ImageObject","inLanguage":"es","@id":"https:\/\/www.rayuelakids.com\/es\/#\/schema\/logo\/image\/","url":"https:\/\/www.rayuelakids.com\/es\/wp-content\/uploads\/2022\/03\/cropped-Rayulea-logo-version-horizontal-scaled-1-e1647744456320.jpg","contentUrl":"https:\/\/www.rayuelakids.com\/es\/wp-content\/uploads\/2022\/03\/cropped-Rayulea-logo-version-horizontal-scaled-1-e1647744456320.jpg","width":800,"height":300,"caption":"Rayuela Kids"},"image":{"@id":"https:\/\/www.rayuelakids.com\/es\/#\/schema\/logo\/image\/"},"sameAs":["https:\/\/web.facebook.com\/rayuela","https:\/\/www.instagram.com\/rayuelakids\/?hl=en"]}]}},"jetpack_sharing_enabled":true,"_links":{"self":[{"href":"https:\/\/www.rayuelakids.com\/es\/wp-json\/wp\/v2\/pages\/1265","targetHints":{"allow":["GET"]}}],"collection":[{"href":"https:\/\/www.rayuelakids.com\/es\/wp-json\/wp\/v2\/pages"}],"about":[{"href":"https:\/\/www.rayuelakids.com\/es\/wp-json\/wp\/v2\/types\/page"}],"author":[{"embeddable":true,"href":"https:\/\/www.rayuelakids.com\/es\/wp-json\/wp\/v2\/users\/1"}],"replies":[{"embeddable":true,"href":"https:\/\/www.rayuelakids.com\/es\/wp-json\/wp\/v2\/comments?post=1265"}],"version-history":[{"count":0,"href":"https:\/\/www.rayuelakids.com\/es\/wp-json\/wp\/v2\/pages\/1265\/revisions"}],"wp:attachment":[{"href":"https:\/\/www.rayuelakids.com\/es\/wp-json\/wp\/v2\/media?parent=1265"}],"curies":[{"name":"wp","href":"https:\/\/api.w.org\/{rel}","templated":true}]}}