{"id":1210,"date":"2022-10-17T20:50:57","date_gmt":"2022-10-17T20:50:57","guid":{"rendered":"https:\/\/www.rayuelakids.com\/es\/?page_id=1210"},"modified":"2025-08-28T20:32:17","modified_gmt":"2025-08-28T20:32:17","slug":"servicios1","status":"publish","type":"page","link":"https:\/\/www.rayuelakids.com\/es\/servicios1\/","title":{"rendered":"Servicios"},"content":{"rendered":"\t\t<div data-elementor-type=\"wp-page\" data-elementor-id=\"1210\" class=\"elementor elementor-1210\" data-elementor-post-type=\"page\">\n\t\t\t\t\t\t<section class=\"elementor-section elementor-top-section elementor-element elementor-element-6f99388 elementor-section-boxed elementor-section-height-default elementor-section-height-default wpr-particle-no wpr-jarallax-no wpr-parallax-no wpr-sticky-section-no\" data-id=\"6f99388\" data-element_type=\"section\" data-e-type=\"section\">\n\t\t\t\t\t\t<div class=\"elementor-container elementor-column-gap-default\">\n\t\t\t\t\t<div class=\"elementor-column elementor-col-100 elementor-top-column elementor-element elementor-element-377fc42b\" data-id=\"377fc42b\" data-element_type=\"column\" data-e-type=\"column\">\n\t\t\t<div class=\"elementor-widget-wrap elementor-element-populated\">\n\t\t\t\t\t\t<div class=\"elementor-element elementor-element-1b7a157a elementor-widget elementor-widget-text-editor\" data-id=\"1b7a157a\" data-element_type=\"widget\" data-e-type=\"widget\" data-widget_type=\"text-editor.default\">\n\t\t\t\t<div class=\"elementor-widget-container\">\n\t\t\t\t\t\t\t\t\t\n<p><a href=\"https:\/\/www.rayuelakids.com\/es\/primera-puesta-ninos-mejor-precio\/\">Primera puesta ni\u00f1os al mejor precio<\/a><\/p>\n\n<p><a href=\"https:\/\/www.rayuelakids.com\/es\/primera-puesta-ninos-tienda-santo-domingo\/\">Primera puesta ni\u00f1os tienda en Santo Domingo<\/a><\/p>\n\n<p><a href=\"https:\/\/www.rayuelakids.com\/es\/primera-puesta-ninos-tienda-online-bogota\/\">Primera Puesta para ni\u00f1os tienda online en Bogot\u00e1<\/a><\/p>\n\n<p><a href=\"https:\/\/www.rayuelakids.com\/es\/primera-puesta-ninos-tienda-online-new-york\/\">Primera puesta ni\u00f1os tienda online New York<\/a><\/p>\n\n<p><a href=\"https:\/\/www.rayuelakids.com\/es\/producto\/sissi-tienda-online-nina-new-york\/\">Sissi- tienda online ni\u00f1as New York<\/a><\/p>\n\n<p><a href=\"https:\/\/www.rayuelakids.com\/es\/producto\/paula-romper-bebe-new-york\/\">Paula romper bebe new york<\/a><\/p>\n\n<p><a href=\"http:\/\/rayuelakids.com\/es\/baby-girl-first-outfit\/\">First Outfit my Baby Girl Best Price<\/a><\/p>\n\n<p><a href=\"https:\/\/www.rayuelakids.com\/es\/producto\/celia-conjunto-bebe-new-york\/\">Conjunto Beb\u00e9 New York &#8211; Celia &#8211; Mejor Precio.<\/a><\/p>\n\n<p><a href=\"https:\/\/www.rayuelakids.com\/es\/producto\/petito-corto-salida-del-hospital\/\">Salida del Hospital-Primera Puesta ni\u00f1os en New york- Petito Corto<\/a><\/p>\n\n<p><a href=\"https:\/\/www.rayuelakids.com\/es\/categoria-producto\/venta-al-por-mayor-ninos-florida\/\">Venta al por mayor ninos en Florida<\/a><\/p>\n\n<p><a href=\"https:\/\/www.rayuelakids.com\/es\/categoria-producto\/ropa-bebes-recien-nacidos\/\">Ropa de Beb\u00e9s reci\u00e9n nacidos para salir del hospital<\/a><\/p>\n\n<p><a href=\"https:\/\/www.rayuelakids.com\/es\/producto\/conjunto-de-bebe-paula-pink-sun\/\">Conjunto de beb\u00e9 para Salida del Hospital &#8211; Paula Pink Sun<\/a><\/p>\n\n<p><a href=\"https:\/\/www.rayuelakids.com\/es\/producto\/conjunto-bebe-recien-nacido-alvaro\/\">Conjunto Beb\u00e9 Reci\u00e9n Nacido &#8211; Varones 0- 3 Meses<\/a><\/p>\n\n<p><a href=\"https:\/\/www.rayuelakids.com\/es\/vestidos-recien-nacidos-ninos\">Vestidos reci\u00e9n nacidos ni\u00f1os y ni\u00f1as desde 0-36 meses<\/a><\/p>\n\n<p><a href=\"https:\/\/www.rayuelakids.com\/es\/vestido-de-primera-puesta-para-recien-nacidos\/\"><strong>Vestido de primera puesta para\u00a0reci\u00e9n\u00a0nacido<\/strong>s<\/a><\/p>\n\n<p><strong><a href=\"https:\/\/www.rayuelakids.com\/es\/vestido-para-bebes-recien-nacidos-ninos-y-ninas\/\">Vestido para beb\u00e9s reci\u00e9n nacidos ni\u00f1os y ni\u00f1as<\/a><\/strong><\/p>\n\n<p><a href=\"https:\/\/www.rayuelakids.com\/es\/venta-al-por-mayor-ropa-de-bebe\/\">Venta al por Mayor Ropa de Beb\u00e9<\/a><\/p>\n\n<p><a href=\"https:\/\/www.rayuelakids.com\/es\/conjuntos-elegantes-para-recien-nacidos\">Conjunto elegantes para reci\u00e9n nacidos<\/a><\/p>\n\n<p><a href=\"https:\/\/www.rayuelakids.com\/es\/vestido-de-algodon-para-bebes-recien-nacidos\/\">Vestido de Algod\u00f3n para Beb\u00e9s Reci\u00e9n Nacidos<\/a><br \/><a href=\"https:\/\/www.rayuelakids.com\/es\/venta-al-por-mayor-en-italia-de-ropa-de-bebe-recien-nacido\/\">Venta al por mayor en italia de ropa de bebe recien nacido<\/a><\/p>\n<p><a href=\"https:\/\/www.rayuelakids.com\/es\/conjunto-largo-para-bebes-en-hermosa-caja-regalo\/\">Conjunto para beb\u00e9s en hermosa caja regalo<\/a><\/p>\n<p><a href=\"https:\/\/www.rayuelakids.com\/es\/conjunto-largo-para-bebes-con-bordado-personalizado\/\">Conjunto largo para beb\u00e9s con bordado personalizado\u00a0<\/a><\/p>\n<p><a href=\"https:\/\/www.rayuelakids.com\/es\/venta-al-por-mayor-de-ropa-para-recien-nacidos-venezuela\/\">Venta al por mayor para reci\u00e9n nacidos Venezuela<\/a><\/p>\n\t\t\t\t\t\t\t\t<\/div>\n\t\t\t\t<\/div>\n\t\t\t\t\t<\/div>\n\t\t<\/div>\n\t\t\t\t\t<\/div>\n\t\t<\/section>\n\t\t\t\t<\/div>\n\t\t","protected":false},"excerpt":{"rendered":"<p>Primera puesta ni\u00f1os al mejor precio Primera puesta ni\u00f1os tienda en Santo Domingo Primera Puesta para ni\u00f1os tienda online en Bogot\u00e1 Primera puesta ni\u00f1os tienda online New York Sissi- tienda online ni\u00f1as New York Paula romper bebe new york First Outfit my Baby Girl Best Price Conjunto Beb\u00e9 New York &#8211; Celia &#8211; Mejor Precio. Salida del Hospital-Primera Puesta ni\u00f1os en New york- Petito Corto Venta al por mayor ninos en Florida Ropa de Beb\u00e9s reci\u00e9n nacidos para salir del hospital Conjunto de beb\u00e9 para Salida del Hospital &#8211; Paula Pink Sun Conjunto Beb\u00e9 Reci\u00e9n Nacido &#8211; Varones 0- 3 Meses Vestidos reci\u00e9n nacidos ni\u00f1os y ni\u00f1as desde 0-36 meses Vestido de primera puesta para\u00a0reci\u00e9n\u00a0nacidos Vestido para beb\u00e9s reci\u00e9n nacidos ni\u00f1os y ni\u00f1as Venta al por Mayor Ropa de Beb\u00e9 Conjunto elegantes para reci\u00e9n nacidos Vestido de Algod\u00f3n para Beb\u00e9s Reci\u00e9n NacidosVenta al por mayor en italia de ropa de bebe recien nacido Conjunto para beb\u00e9s en hermosa caja regalo Conjunto largo para beb\u00e9s con bordado personalizado\u00a0 Venta al por mayor para reci\u00e9n nacidos Venezuela<\/p>\n","protected":false},"author":1,"featured_media":0,"parent":0,"menu_order":0,"comment_status":"closed","ping_status":"closed","template":"","meta":{"inline_featured_image":false,"_joinchat":[],"footnotes":""},"class_list":["post-1210","page","type-page","status-publish","hentry"],"yoast_head":"<!-- This site is optimized with the Yoast SEO plugin v27.0 - https:\/\/yoast.com\/product\/yoast-seo-wordpress\/ -->\n<title>Servicios<\/title>\n<meta name=\"robots\" content=\"index, follow, max-snippet:-1, max-image-preview:large, max-video-preview:-1\" \/>\n<link rel=\"canonical\" href=\"https:\/\/www.rayuelakids.com\/es\/servicios1\/\" \/>\n<meta property=\"og:locale\" content=\"es_ES\" \/>\n<meta property=\"og:type\" content=\"article\" \/>\n<meta property=\"og:title\" content=\"Servicios\" \/>\n<meta property=\"og:description\" content=\"Primera puesta ni\u00f1os al mejor precio Primera puesta ni\u00f1os tienda en Santo Domingo Primera Puesta para ni\u00f1os tienda online en Bogot\u00e1 Primera puesta ni\u00f1os tienda online New York Sissi- tienda online ni\u00f1as New York Paula romper bebe new york First Outfit my Baby Girl Best Price Conjunto Beb\u00e9 New York &#8211; Celia &#8211; Mejor Precio. Salida del Hospital-Primera Puesta ni\u00f1os en New york- Petito Corto Venta al por mayor ninos en Florida Ropa de Beb\u00e9s reci\u00e9n nacidos para salir del hospital Conjunto de beb\u00e9 para Salida del Hospital &#8211; Paula Pink Sun Conjunto Beb\u00e9 Reci\u00e9n Nacido &#8211; Varones 0- 3 Meses Vestidos reci\u00e9n nacidos ni\u00f1os y ni\u00f1as desde 0-36 meses Vestido de primera puesta para\u00a0reci\u00e9n\u00a0nacidos Vestido para beb\u00e9s reci\u00e9n nacidos ni\u00f1os y ni\u00f1as Venta al por Mayor Ropa de Beb\u00e9 Conjunto elegantes para reci\u00e9n nacidos Vestido de Algod\u00f3n para Beb\u00e9s Reci\u00e9n NacidosVenta al por mayor en italia de ropa de bebe recien nacido Conjunto para beb\u00e9s en hermosa caja regalo Conjunto largo para beb\u00e9s con bordado personalizado\u00a0 Venta al por mayor para reci\u00e9n nacidos Venezuela\" \/>\n<meta property=\"og:url\" content=\"https:\/\/www.rayuelakids.com\/es\/servicios1\/\" \/>\n<meta property=\"article:publisher\" content=\"https:\/\/web.facebook.com\/rayuela\" \/>\n<meta property=\"article:modified_time\" content=\"2025-08-28T20:32:17+00:00\" \/>\n<meta name=\"twitter:card\" content=\"summary_large_image\" \/>\n<meta name=\"twitter:label1\" content=\"Tiempo de lectura\" \/>\n\t<meta name=\"twitter:data1\" content=\"1 minuto\" \/>\n<script type=\"application\/ld+json\" class=\"yoast-schema-graph\">{\"@context\":\"https:\/\/schema.org\",\"@graph\":[{\"@type\":\"WebPage\",\"@id\":\"https:\/\/www.rayuelakids.com\/es\/servicios1\/\",\"url\":\"https:\/\/www.rayuelakids.com\/es\/servicios1\/\",\"name\":\"Servicios\",\"isPartOf\":{\"@id\":\"https:\/\/www.rayuelakids.com\/es\/#website\"},\"datePublished\":\"2022-10-17T20:50:57+00:00\",\"dateModified\":\"2025-08-28T20:32:17+00:00\",\"breadcrumb\":{\"@id\":\"https:\/\/www.rayuelakids.com\/es\/servicios1\/#breadcrumb\"},\"inLanguage\":\"es\",\"potentialAction\":[{\"@type\":\"ReadAction\",\"target\":[\"https:\/\/www.rayuelakids.com\/es\/servicios1\/\"]}]},{\"@type\":\"BreadcrumbList\",\"@id\":\"https:\/\/www.rayuelakids.com\/es\/servicios1\/#breadcrumb\",\"itemListElement\":[{\"@type\":\"ListItem\",\"position\":1,\"name\":\"Portada\",\"item\":\"https:\/\/www.rayuelakids.com\/es\/\"},{\"@type\":\"ListItem\",\"position\":2,\"name\":\"Servicios\"}]},{\"@type\":\"WebSite\",\"@id\":\"https:\/\/www.rayuelakids.com\/es\/#website\",\"url\":\"https:\/\/www.rayuelakids.com\/es\/\",\"name\":\"Rayuela Kids\",\"description\":\"Moda Infantil\",\"publisher\":{\"@id\":\"https:\/\/www.rayuelakids.com\/es\/#organization\"},\"alternateName\":\"RayuelaKids\",\"potentialAction\":[{\"@type\":\"SearchAction\",\"target\":{\"@type\":\"EntryPoint\",\"urlTemplate\":\"https:\/\/www.rayuelakids.com\/es\/?s={search_term_string}\"},\"query-input\":{\"@type\":\"PropertyValueSpecification\",\"valueRequired\":true,\"valueName\":\"search_term_string\"}}],\"inLanguage\":\"es\"},{\"@type\":\"Organization\",\"@id\":\"https:\/\/www.rayuelakids.com\/es\/#organization\",\"name\":\"Rayuela Kids\",\"url\":\"https:\/\/www.rayuelakids.com\/es\/\",\"logo\":{\"@type\":\"ImageObject\",\"inLanguage\":\"es\",\"@id\":\"https:\/\/www.rayuelakids.com\/es\/#\/schema\/logo\/image\/\",\"url\":\"https:\/\/www.rayuelakids.com\/es\/wp-content\/uploads\/2022\/03\/cropped-Rayulea-logo-version-horizontal-scaled-1-e1647744456320.jpg\",\"contentUrl\":\"https:\/\/www.rayuelakids.com\/es\/wp-content\/uploads\/2022\/03\/cropped-Rayulea-logo-version-horizontal-scaled-1-e1647744456320.jpg\",\"width\":800,\"height\":300,\"caption\":\"Rayuela Kids\"},\"image\":{\"@id\":\"https:\/\/www.rayuelakids.com\/es\/#\/schema\/logo\/image\/\"},\"sameAs\":[\"https:\/\/web.facebook.com\/rayuela\",\"https:\/\/www.instagram.com\/rayuelakids\/?hl=en\"]}]}<\/script>\n<!-- \/ Yoast SEO plugin. -->","yoast_head_json":{"title":"Servicios","robots":{"index":"index","follow":"follow","max-snippet":"max-snippet:-1","max-image-preview":"max-image-preview:large","max-video-preview":"max-video-preview:-1"},"canonical":"https:\/\/www.rayuelakids.com\/es\/servicios1\/","og_locale":"es_ES","og_type":"article","og_title":"Servicios","og_description":"Primera puesta ni\u00f1os al mejor precio Primera puesta ni\u00f1os tienda en Santo Domingo Primera Puesta para ni\u00f1os tienda online en Bogot\u00e1 Primera puesta ni\u00f1os tienda online New York Sissi- tienda online ni\u00f1as New York Paula romper bebe new york First Outfit my Baby Girl Best Price Conjunto Beb\u00e9 New York &#8211; Celia &#8211; Mejor Precio. Salida del Hospital-Primera Puesta ni\u00f1os en New york- Petito Corto Venta al por mayor ninos en Florida Ropa de Beb\u00e9s reci\u00e9n nacidos para salir del hospital Conjunto de beb\u00e9 para Salida del Hospital &#8211; Paula Pink Sun Conjunto Beb\u00e9 Reci\u00e9n Nacido &#8211; Varones 0- 3 Meses Vestidos reci\u00e9n nacidos ni\u00f1os y ni\u00f1as desde 0-36 meses Vestido de primera puesta para\u00a0reci\u00e9n\u00a0nacidos Vestido para beb\u00e9s reci\u00e9n nacidos ni\u00f1os y ni\u00f1as Venta al por Mayor Ropa de Beb\u00e9 Conjunto elegantes para reci\u00e9n nacidos Vestido de Algod\u00f3n para Beb\u00e9s Reci\u00e9n NacidosVenta al por mayor en italia de ropa de bebe recien nacido Conjunto para beb\u00e9s en hermosa caja regalo Conjunto largo para beb\u00e9s con bordado personalizado\u00a0 Venta al por mayor para reci\u00e9n nacidos Venezuela","og_url":"https:\/\/www.rayuelakids.com\/es\/servicios1\/","article_publisher":"https:\/\/web.facebook.com\/rayuela","article_modified_time":"2025-08-28T20:32:17+00:00","twitter_card":"summary_large_image","twitter_misc":{"Tiempo de lectura":"1 minuto"},"schema":{"@context":"https:\/\/schema.org","@graph":[{"@type":"WebPage","@id":"https:\/\/www.rayuelakids.com\/es\/servicios1\/","url":"https:\/\/www.rayuelakids.com\/es\/servicios1\/","name":"Servicios","isPartOf":{"@id":"https:\/\/www.rayuelakids.com\/es\/#website"},"datePublished":"2022-10-17T20:50:57+00:00","dateModified":"2025-08-28T20:32:17+00:00","breadcrumb":{"@id":"https:\/\/www.rayuelakids.com\/es\/servicios1\/#breadcrumb"},"inLanguage":"es","potentialAction":[{"@type":"ReadAction","target":["https:\/\/www.rayuelakids.com\/es\/servicios1\/"]}]},{"@type":"BreadcrumbList","@id":"https:\/\/www.rayuelakids.com\/es\/servicios1\/#breadcrumb","itemListElement":[{"@type":"ListItem","position":1,"name":"Portada","item":"https:\/\/www.rayuelakids.com\/es\/"},{"@type":"ListItem","position":2,"name":"Servicios"}]},{"@type":"WebSite","@id":"https:\/\/www.rayuelakids.com\/es\/#website","url":"https:\/\/www.rayuelakids.com\/es\/","name":"Rayuela Kids","description":"Moda Infantil","publisher":{"@id":"https:\/\/www.rayuelakids.com\/es\/#organization"},"alternateName":"RayuelaKids","potentialAction":[{"@type":"SearchAction","target":{"@type":"EntryPoint","urlTemplate":"https:\/\/www.rayuelakids.com\/es\/?s={search_term_string}"},"query-input":{"@type":"PropertyValueSpecification","valueRequired":true,"valueName":"search_term_string"}}],"inLanguage":"es"},{"@type":"Organization","@id":"https:\/\/www.rayuelakids.com\/es\/#organization","name":"Rayuela Kids","url":"https:\/\/www.rayuelakids.com\/es\/","logo":{"@type":"ImageObject","inLanguage":"es","@id":"https:\/\/www.rayuelakids.com\/es\/#\/schema\/logo\/image\/","url":"https:\/\/www.rayuelakids.com\/es\/wp-content\/uploads\/2022\/03\/cropped-Rayulea-logo-version-horizontal-scaled-1-e1647744456320.jpg","contentUrl":"https:\/\/www.rayuelakids.com\/es\/wp-content\/uploads\/2022\/03\/cropped-Rayulea-logo-version-horizontal-scaled-1-e1647744456320.jpg","width":800,"height":300,"caption":"Rayuela Kids"},"image":{"@id":"https:\/\/www.rayuelakids.com\/es\/#\/schema\/logo\/image\/"},"sameAs":["https:\/\/web.facebook.com\/rayuela","https:\/\/www.instagram.com\/rayuelakids\/?hl=en"]}]}},"jetpack_sharing_enabled":true,"_links":{"self":[{"href":"https:\/\/www.rayuelakids.com\/es\/wp-json\/wp\/v2\/pages\/1210","targetHints":{"allow":["GET"]}}],"collection":[{"href":"https:\/\/www.rayuelakids.com\/es\/wp-json\/wp\/v2\/pages"}],"about":[{"href":"https:\/\/www.rayuelakids.com\/es\/wp-json\/wp\/v2\/types\/page"}],"author":[{"embeddable":true,"href":"https:\/\/www.rayuelakids.com\/es\/wp-json\/wp\/v2\/users\/1"}],"replies":[{"embeddable":true,"href":"https:\/\/www.rayuelakids.com\/es\/wp-json\/wp\/v2\/comments?post=1210"}],"version-history":[{"count":28,"href":"https:\/\/www.rayuelakids.com\/es\/wp-json\/wp\/v2\/pages\/1210\/revisions"}],"predecessor-version":[{"id":10363,"href":"https:\/\/www.rayuelakids.com\/es\/wp-json\/wp\/v2\/pages\/1210\/revisions\/10363"}],"wp:attachment":[{"href":"https:\/\/www.rayuelakids.com\/es\/wp-json\/wp\/v2\/media?parent=1210"}],"curies":[{"name":"wp","href":"https:\/\/api.w.org\/{rel}","templated":true}]}}